{"id":170,"date":"2025-04-23T12:50:57","date_gmt":"2025-04-23T10:50:57","guid":{"rendered":"http:\/\/vhlab.it\/?post_type=product&#038;p=170"},"modified":"2025-06-08T17:07:43","modified_gmt":"2025-06-08T15:07:43","slug":"acqua-profumata-red-tea","status":"publish","type":"product","link":"https:\/\/vhlab.it\/?product=acqua-profumata-red-tea","title":{"rendered":"Acqua Profumata Red Tea"},"content":{"rendered":"<p>L&#8217;Acqua Profumata Red Tea pu\u00f2 avvolgere capelli e corpo in un&#8217;elegante nuvola profumata. La formula leggera con estratti di t\u00e8 rosso pu\u00f2 offrire una sensazione di benessere e freschezza duratura. Il profumo sofisticato con note calde e avvolgenti tende a persistere delicatamente sui capelli, senza appesantirli. Questa acqua profumata pu\u00f2 essere utilizzata quotidianamente come tocco finale dopo lo styling o in qualsiasi momento della giornata per una piacevole sensazione di freschezza. La confezione ambrata da 150 ml con pratico spray permette un&#8217;applicazione comoda e controllata.<\/p>\n","protected":false},"excerpt":{"rendered":"<p>Fragranza raffinata con note di t\u00e8 rosso per capelli e corpo.<\/p>\n","protected":false},"featured_media":311,"template":"","meta":[],"product_brand":[24],"product_cat":[26],"product_tag":[],"class_list":{"0":"post-170","1":"product","2":"type-product","3":"status-publish","4":"has-post-thumbnail","6":"product_brand-vh-lab","7":"product_cat-styling","9":"first","10":"instock","11":"shipping-taxable","12":"purchasable","13":"product-type-simple"},"_links":{"self":[{"href":"https:\/\/vhlab.it\/index.php?rest_route=\/wp\/v2\/product\/170","targetHints":{"allow":["GET"]}}],"collection":[{"href":"https:\/\/vhlab.it\/index.php?rest_route=\/wp\/v2\/product"}],"about":[{"href":"https:\/\/vhlab.it\/index.php?rest_route=\/wp\/v2\/types\/product"}],"wp:featuredmedia":[{"embeddable":true,"href":"https:\/\/vhlab.it\/index.php?rest_route=\/wp\/v2\/media\/311"}],"wp:attachment":[{"href":"https:\/\/vhlab.it\/index.php?rest_route=%2Fwp%2Fv2%2Fmedia&parent=170"}],"wp:term":[{"taxonomy":"product_brand","embeddable":true,"href":"https:\/\/vhlab.it\/index.php?rest_route=%2Fwp%2Fv2%2Fproduct_brand&post=170"},{"taxonomy":"product_cat","embeddable":true,"href":"https:\/\/vhlab.it\/index.php?rest_route=%2Fwp%2Fv2%2Fproduct_cat&post=170"},{"taxonomy":"product_tag","embeddable":true,"href":"https:\/\/vhlab.it\/index.php?rest_route=%2Fwp%2Fv2%2Fproduct_tag&post=170"}],"curies":[{"name":"wp","href":"https:\/\/api.w.org\/{rel}","templated":true}]}}