{"id":45,"date":"2025-03-28T15:09:59","date_gmt":"2025-03-28T14:09:59","guid":{"rendered":"http:\/\/vhlab.it\/?post_type=product&#038;p=45"},"modified":"2025-06-08T16:51:28","modified_gmt":"2025-06-08T14:51:28","slug":"maschera-setificante","status":"publish","type":"product","link":"https:\/\/vhlab.it\/?product=maschera-setificante","title":{"rendered":"Maschera Setificante"},"content":{"rendered":"<p>La Maschera Setificante \u00e8 il nostro trattamento intensivo premium che pu\u00f2 favorire una maggiore lucentezza. La formula ricca tende a penetrare nella struttura del capello, aiutando a migliorare la cuticola per un effetto luminoso. Arricchita con proteine della seta e ingredienti illuminanti, questa maschera pu\u00f2 contribuire a ravvivare anche i capelli che appaiono pi\u00f9 opachi. Un&#8217;applicazione settimanale pu\u00f2 aiutare a mantenere un effetto seta prolungato.<\/p>\n","protected":false},"excerpt":{"rendered":"<p>Trattamento che pu\u00f2 contribuire a rendere i capelli pi\u00f9 radiosi e luminosi.<\/p>\n","protected":false},"featured_media":291,"template":"","meta":[],"product_brand":[24],"product_cat":[21,22,27,23],"product_tag":[],"class_list":{"0":"post-45","1":"product","2":"type-product","3":"status-publish","4":"has-post-thumbnail","6":"product_brand-vh-lab","7":"product_cat-lisci","8":"product_cat-mossi","9":"product_cat-onde","10":"product_cat-ricci","12":"first","13":"instock","14":"shipping-taxable","15":"purchasable","16":"product-type-simple"},"_links":{"self":[{"href":"https:\/\/vhlab.it\/index.php?rest_route=\/wp\/v2\/product\/45","targetHints":{"allow":["GET"]}}],"collection":[{"href":"https:\/\/vhlab.it\/index.php?rest_route=\/wp\/v2\/product"}],"about":[{"href":"https:\/\/vhlab.it\/index.php?rest_route=\/wp\/v2\/types\/product"}],"wp:featuredmedia":[{"embeddable":true,"href":"https:\/\/vhlab.it\/index.php?rest_route=\/wp\/v2\/media\/291"}],"wp:attachment":[{"href":"https:\/\/vhlab.it\/index.php?rest_route=%2Fwp%2Fv2%2Fmedia&parent=45"}],"wp:term":[{"taxonomy":"product_brand","embeddable":true,"href":"https:\/\/vhlab.it\/index.php?rest_route=%2Fwp%2Fv2%2Fproduct_brand&post=45"},{"taxonomy":"product_cat","embeddable":true,"href":"https:\/\/vhlab.it\/index.php?rest_route=%2Fwp%2Fv2%2Fproduct_cat&post=45"},{"taxonomy":"product_tag","embeddable":true,"href":"https:\/\/vhlab.it\/index.php?rest_route=%2Fwp%2Fv2%2Fproduct_tag&post=45"}],"curies":[{"name":"wp","href":"https:\/\/api.w.org\/{rel}","templated":true}]}}