{"id":48,"date":"2025-03-28T15:12:48","date_gmt":"2025-03-28T14:12:48","guid":{"rendered":"http:\/\/vhlab.it\/?post_type=product&#038;p=48"},"modified":"2025-06-08T16:49:24","modified_gmt":"2025-06-08T14:49:24","slug":"maschera-riparatrice","status":"publish","type":"product","link":"https:\/\/vhlab.it\/?product=maschera-riparatrice","title":{"rendered":"Maschera Riparatrice"},"content":{"rendered":"<p class=\"whitespace-pre-wrap break-words\">La Maschera Riparatrice \u00e8 il nostro trattamento intensivo per capelli fortemente stressati. La formula concentrata con ceramidi e cellule staminali vegetali pu\u00f2 aiutare a migliorare la struttura interna del capello e a proteggere le aree danneggiate. Particolarmente indicata per capelli trattati chimicamente, colorati o danneggiati dal calore. Con applicazioni regolari, pu\u00f2 contribuire a rendere anche i capelli pi\u00f9 danneggiati progressivamente pi\u00f9 forti e resistenti.<\/p>\n<h2 class=\"text-xl font-bold text-text-100 mt-1 -mb-0.5\"><\/h2>\n","protected":false},"excerpt":{"rendered":"<p>Trattamento intensivo che pu\u00f2 supportare capelli strutturalmente danneggiati.<\/p>\n","protected":false},"featured_media":293,"template":"","meta":[],"product_brand":[24],"product_cat":[21,22,27,23,26],"product_tag":[],"class_list":{"0":"post-48","1":"product","2":"type-product","3":"status-publish","4":"has-post-thumbnail","6":"product_brand-vh-lab","7":"product_cat-lisci","8":"product_cat-mossi","9":"product_cat-onde","10":"product_cat-ricci","11":"product_cat-styling","13":"first","14":"instock","15":"shipping-taxable","16":"purchasable","17":"product-type-simple"},"_links":{"self":[{"href":"https:\/\/vhlab.it\/index.php?rest_route=\/wp\/v2\/product\/48","targetHints":{"allow":["GET"]}}],"collection":[{"href":"https:\/\/vhlab.it\/index.php?rest_route=\/wp\/v2\/product"}],"about":[{"href":"https:\/\/vhlab.it\/index.php?rest_route=\/wp\/v2\/types\/product"}],"wp:featuredmedia":[{"embeddable":true,"href":"https:\/\/vhlab.it\/index.php?rest_route=\/wp\/v2\/media\/293"}],"wp:attachment":[{"href":"https:\/\/vhlab.it\/index.php?rest_route=%2Fwp%2Fv2%2Fmedia&parent=48"}],"wp:term":[{"taxonomy":"product_brand","embeddable":true,"href":"https:\/\/vhlab.it\/index.php?rest_route=%2Fwp%2Fv2%2Fproduct_brand&post=48"},{"taxonomy":"product_cat","embeddable":true,"href":"https:\/\/vhlab.it\/index.php?rest_route=%2Fwp%2Fv2%2Fproduct_cat&post=48"},{"taxonomy":"product_tag","embeddable":true,"href":"https:\/\/vhlab.it\/index.php?rest_route=%2Fwp%2Fv2%2Fproduct_tag&post=48"}],"curies":[{"name":"wp","href":"https:\/\/api.w.org\/{rel}","templated":true}]}}